{"id":229,"date":"2025-07-03T15:02:16","date_gmt":"2025-07-03T13:02:16","guid":{"rendered":"https:\/\/www.garajduro.org\/?page_id=229"},"modified":"2026-02-04T16:11:36","modified_gmt":"2026-02-04T15:11:36","slug":"lequipe-du-garaj","status":"publish","type":"page","link":"https:\/\/www.garajduro.org\/index.php\/lequipe-du-garaj\/","title":{"rendered":"L&rsquo;\u00e9quipe du garaj"},"content":{"rendered":"\n<div class=\"wp-block-group alignfull ticss-b1769330 has-background has-global-padding is-layout-constrained wp-container-core-group-is-layout-ca21b27b wp-block-group-is-layout-constrained\" style=\"background:linear-gradient(135deg,rgba(199,125,167,0.84) 0%,rgba(234,248,98,0.46) 100%);margin-top:-60px;margin-bottom:-20px;padding-top:var(--wp--preset--spacing--50);padding-right:var(--wp--preset--spacing--50);padding-bottom:var(--wp--preset--spacing--50);padding-left:var(--wp--preset--spacing--50)\">\n<div style=\"height:36px\" aria-hidden=\"true\" class=\"wp-block-spacer\"><\/div>\n\n\n\n<div class=\"wp-block-group is-vertical is-content-justification-center is-layout-flex wp-container-core-group-is-layout-ce155fab wp-block-group-is-layout-flex\">\n<h2 class=\"wp-block-heading has-text-align-center has-limelight-font-family has-xx-large-font-size\">L&rsquo;\u00e9quipe Du garaj<\/h2>\n\n\n\n<p class=\"has-text-align-center\">Les meilleurs du staff de S\u00e9bastien Loeb \u00e0 l&rsquo;oeuvre.<\/p>\n<\/div>\n\n\n\n<div style=\"height:var(--wp--preset--spacing--30)\" aria-hidden=\"true\" class=\"wp-block-spacer\"><\/div>\n\n\n\n<div class=\"wp-block-columns alignwide is-layout-flex wp-container-core-columns-is-layout-4935966c wp-block-columns-is-layout-flex\" style=\"padding-right:0;padding-left:0\">\n<div class=\"wp-block-column is-layout-flow wp-block-column-is-layout-flow\">\n<figure class=\"wp-block-image size-full is-style-rounded is-style-rounded--1\" style=\"margin-right:0;margin-left:0\"><img loading=\"lazy\" decoding=\"async\" width=\"1080\" height=\"1348\" src=\"https:\/\/www.garajduro.org\/wp-content\/uploads\/2025\/12\/WhatsApp-Image-2025-12-14-at-18.18.03.jpeg\" alt=\"\" class=\"wp-image-2710\" style=\"aspect-ratio:1;object-fit:cover\" srcset=\"https:\/\/www.garajduro.org\/wp-content\/uploads\/2025\/12\/WhatsApp-Image-2025-12-14-at-18.18.03.jpeg 1080w, https:\/\/www.garajduro.org\/wp-content\/uploads\/2025\/12\/WhatsApp-Image-2025-12-14-at-18.18.03-240x300.jpeg 240w, https:\/\/www.garajduro.org\/wp-content\/uploads\/2025\/12\/WhatsApp-Image-2025-12-14-at-18.18.03-820x1024.jpeg 820w, https:\/\/www.garajduro.org\/wp-content\/uploads\/2025\/12\/WhatsApp-Image-2025-12-14-at-18.18.03-768x959.jpeg 768w\" sizes=\"auto, (max-width: 1080px) 100vw, 1080px\" \/><\/figure>\n\n\n\n<div class=\"wp-block-group is-vertical is-content-justification-center is-nowrap is-layout-flex wp-container-core-group-is-layout-63bfd6c1 wp-block-group-is-layout-flex\">\n<p class=\"has-text-align-center has-small-font-size\"><strong>Elsa Leray<\/strong><\/p>\n\n\n\n<p class=\"has-text-align-center has-small-font-size\">Ing\u00e9nieuse en a\u00e9rodynamique<\/p>\n<\/div>\n<\/div>\n\n\n\n<div class=\"wp-block-column is-layout-flow wp-block-column-is-layout-flow\">\n<figure class=\"wp-block-image size-full is-style-rounded is-style-rounded--2\"><img loading=\"lazy\" decoding=\"async\" width=\"1080\" height=\"1345\" src=\"http:\/\/www.garajduro.org\/wp-content\/uploads\/2025\/12\/WhatsApp-Image-2025-12-14-at-18.18.03-1.jpeg\" alt=\"\" class=\"wp-image-2711\" style=\"aspect-ratio:1;object-fit:cover\" srcset=\"https:\/\/www.garajduro.org\/wp-content\/uploads\/2025\/12\/WhatsApp-Image-2025-12-14-at-18.18.03-1.jpeg 1080w, https:\/\/www.garajduro.org\/wp-content\/uploads\/2025\/12\/WhatsApp-Image-2025-12-14-at-18.18.03-1-241x300.jpeg 241w, https:\/\/www.garajduro.org\/wp-content\/uploads\/2025\/12\/WhatsApp-Image-2025-12-14-at-18.18.03-1-822x1024.jpeg 822w, https:\/\/www.garajduro.org\/wp-content\/uploads\/2025\/12\/WhatsApp-Image-2025-12-14-at-18.18.03-1-768x956.jpeg 768w\" sizes=\"auto, (max-width: 1080px) 100vw, 1080px\" \/><\/figure>\n\n\n\n<div class=\"wp-block-group is-vertical is-content-justification-center is-nowrap is-layout-flex wp-container-core-group-is-layout-63bfd6c1 wp-block-group-is-layout-flex\">\n<p class=\"has-text-align-center has-small-font-size\"><strong>Alice Mah\u00e9<\/strong><\/p>\n\n\n\n<p class=\"has-text-align-center has-small-font-size\">Peintre automobile&nbsp;<\/p>\n<\/div>\n<\/div>\n\n\n\n<div class=\"wp-block-column is-layout-flow wp-block-column-is-layout-flow\">\n<figure class=\"wp-block-image size-full is-style-rounded is-style-rounded--3\"><img loading=\"lazy\" decoding=\"async\" width=\"1080\" height=\"1355\" src=\"http:\/\/www.garajduro.org\/wp-content\/uploads\/2025\/12\/WhatsApp-Image-2025-12-14-at-18.18.03-2.jpeg\" alt=\"\" class=\"wp-image-2712\" style=\"aspect-ratio:1;object-fit:cover\" srcset=\"https:\/\/www.garajduro.org\/wp-content\/uploads\/2025\/12\/WhatsApp-Image-2025-12-14-at-18.18.03-2.jpeg 1080w, https:\/\/www.garajduro.org\/wp-content\/uploads\/2025\/12\/WhatsApp-Image-2025-12-14-at-18.18.03-2-239x300.jpeg 239w, https:\/\/www.garajduro.org\/wp-content\/uploads\/2025\/12\/WhatsApp-Image-2025-12-14-at-18.18.03-2-816x1024.jpeg 816w, https:\/\/www.garajduro.org\/wp-content\/uploads\/2025\/12\/WhatsApp-Image-2025-12-14-at-18.18.03-2-768x964.jpeg 768w\" sizes=\"auto, (max-width: 1080px) 100vw, 1080px\" \/><\/figure>\n\n\n\n<div class=\"wp-block-group is-vertical is-content-justification-center is-nowrap is-layout-flex wp-container-core-group-is-layout-21d4e958 wp-block-group-is-layout-flex\">\n<p class=\"has-text-align-center has-small-font-size\"><strong>Danielle Titley<\/strong><\/p>\n\n\n\n<p class=\"has-text-align-center has-small-font-size\">Technicienne experte automobile<\/p>\n<\/div>\n<\/div>\n\n\n\n<div class=\"wp-block-column is-layout-flow wp-block-column-is-layout-flow\">\n<figure class=\"wp-block-image size-full is-style-rounded is-style-rounded--4\"><img loading=\"lazy\" decoding=\"async\" width=\"1080\" height=\"1358\" src=\"http:\/\/www.garajduro.org\/wp-content\/uploads\/2025\/12\/WhatsApp-Image-2025-12-14-at-18.18.04.jpeg\" alt=\"\" class=\"wp-image-2713\" style=\"aspect-ratio:1;object-fit:cover\" srcset=\"https:\/\/www.garajduro.org\/wp-content\/uploads\/2025\/12\/WhatsApp-Image-2025-12-14-at-18.18.04.jpeg 1080w, https:\/\/www.garajduro.org\/wp-content\/uploads\/2025\/12\/WhatsApp-Image-2025-12-14-at-18.18.04-239x300.jpeg 239w, https:\/\/www.garajduro.org\/wp-content\/uploads\/2025\/12\/WhatsApp-Image-2025-12-14-at-18.18.04-814x1024.jpeg 814w, https:\/\/www.garajduro.org\/wp-content\/uploads\/2025\/12\/WhatsApp-Image-2025-12-14-at-18.18.04-768x966.jpeg 768w\" sizes=\"auto, (max-width: 1080px) 100vw, 1080px\" \/><\/figure>\n\n\n\n<div class=\"wp-block-group is-vertical is-content-justification-center is-nowrap is-layout-flex wp-container-core-group-is-layout-21d4e958 wp-block-group-is-layout-flex\">\n<p class=\"has-text-align-center has-small-font-size\"><strong>Esteban Richard<\/strong><\/p>\n\n\n\n<p class=\"has-text-align-center has-small-font-size\">Monteur-pr\u00e9parateur en comp\u00e9tition<\/p>\n<\/div>\n<\/div>\n\n\n\n<div class=\"wp-block-column is-layout-flow wp-block-column-is-layout-flow\">\n<figure class=\"wp-block-image size-full is-style-rounded is-style-rounded--5\"><img loading=\"lazy\" decoding=\"async\" width=\"1080\" height=\"1345\" src=\"http:\/\/www.garajduro.org\/wp-content\/uploads\/2025\/12\/WhatsApp-Image-2025-12-14-at-18.18.04-5.jpeg\" alt=\"\" class=\"wp-image-2718\" style=\"aspect-ratio:1;object-fit:cover\" srcset=\"https:\/\/www.garajduro.org\/wp-content\/uploads\/2025\/12\/WhatsApp-Image-2025-12-14-at-18.18.04-5.jpeg 1080w, https:\/\/www.garajduro.org\/wp-content\/uploads\/2025\/12\/WhatsApp-Image-2025-12-14-at-18.18.04-5-241x300.jpeg 241w, https:\/\/www.garajduro.org\/wp-content\/uploads\/2025\/12\/WhatsApp-Image-2025-12-14-at-18.18.04-5-822x1024.jpeg 822w, https:\/\/www.garajduro.org\/wp-content\/uploads\/2025\/12\/WhatsApp-Image-2025-12-14-at-18.18.04-5-768x956.jpeg 768w\" sizes=\"auto, (max-width: 1080px) 100vw, 1080px\" \/><\/figure>\n\n\n\n<div class=\"wp-block-group is-vertical is-content-justification-center is-nowrap is-layout-flex wp-container-core-group-is-layout-21d4e958 wp-block-group-is-layout-flex\">\n<p class=\"has-text-align-center has-small-font-size\"><strong>Fred Lachiver<\/strong><\/p>\n\n\n\n<p class=\"has-text-align-center has-small-font-size\">D\u00e9panneuse-remorqueuse<\/p>\n<\/div>\n<\/div>\n<\/div>\n\n\n\n<div class=\"wp-block-columns alignwide is-layout-flex wp-container-core-columns-is-layout-4935966c wp-block-columns-is-layout-flex\" style=\"padding-right:0;padding-left:0\">\n<div class=\"wp-block-column is-layout-flow wp-block-column-is-layout-flow\">\n<figure class=\"wp-block-image size-full is-style-rounded is-style-rounded--6\"><img loading=\"lazy\" decoding=\"async\" width=\"1080\" height=\"1333\" src=\"http:\/\/www.garajduro.org\/wp-content\/uploads\/2025\/12\/WhatsApp-Image-2025-12-14-at-18.18.04-2.jpeg\" alt=\"\" class=\"wp-image-2715\" style=\"aspect-ratio:1;object-fit:cover\" srcset=\"https:\/\/www.garajduro.org\/wp-content\/uploads\/2025\/12\/WhatsApp-Image-2025-12-14-at-18.18.04-2.jpeg 1080w, https:\/\/www.garajduro.org\/wp-content\/uploads\/2025\/12\/WhatsApp-Image-2025-12-14-at-18.18.04-2-243x300.jpeg 243w, https:\/\/www.garajduro.org\/wp-content\/uploads\/2025\/12\/WhatsApp-Image-2025-12-14-at-18.18.04-2-830x1024.jpeg 830w, https:\/\/www.garajduro.org\/wp-content\/uploads\/2025\/12\/WhatsApp-Image-2025-12-14-at-18.18.04-2-768x948.jpeg 768w\" sizes=\"auto, (max-width: 1080px) 100vw, 1080px\" \/><\/figure>\n\n\n\n<div class=\"wp-block-group is-vertical is-content-justification-center is-nowrap is-layout-flex wp-container-core-group-is-layout-21d4e958 wp-block-group-is-layout-flex\">\n<p class=\"has-text-align-center has-small-font-size\"><strong>Kenan Gu\u00e9nol\u00e9<\/strong><\/p>\n\n\n\n<p class=\"has-text-align-center has-small-font-size\">Contr\u00f4leur technique<\/p>\n<\/div>\n<\/div>\n\n\n\n<div class=\"wp-block-column is-layout-flow wp-block-column-is-layout-flow\">\n<figure class=\"wp-block-image size-full is-style-rounded is-style-rounded--7\"><img loading=\"lazy\" decoding=\"async\" width=\"1080\" height=\"1344\" src=\"http:\/\/www.garajduro.org\/wp-content\/uploads\/2025\/12\/WhatsApp-Image-2025-12-14-at-18.18.04-3.jpeg\" alt=\"\" class=\"wp-image-2716\" style=\"aspect-ratio:1;object-fit:cover\" srcset=\"https:\/\/www.garajduro.org\/wp-content\/uploads\/2025\/12\/WhatsApp-Image-2025-12-14-at-18.18.04-3.jpeg 1080w, https:\/\/www.garajduro.org\/wp-content\/uploads\/2025\/12\/WhatsApp-Image-2025-12-14-at-18.18.04-3-241x300.jpeg 241w, https:\/\/www.garajduro.org\/wp-content\/uploads\/2025\/12\/WhatsApp-Image-2025-12-14-at-18.18.04-3-823x1024.jpeg 823w, https:\/\/www.garajduro.org\/wp-content\/uploads\/2025\/12\/WhatsApp-Image-2025-12-14-at-18.18.04-3-768x956.jpeg 768w\" sizes=\"auto, (max-width: 1080px) 100vw, 1080px\" \/><\/figure>\n\n\n\n<div class=\"wp-block-group is-vertical is-content-justification-center is-nowrap is-layout-flex wp-container-core-group-is-layout-63bfd6c1 wp-block-group-is-layout-flex\">\n<p class=\"has-text-align-center has-small-font-size\"><strong>Sophie Lendormy<\/strong><\/p>\n\n\n\n<p class=\"has-text-align-center has-small-font-size\">T\u00f4li\u00e8re en carrosserie<\/p>\n<\/div>\n<\/div>\n\n\n\n<div class=\"wp-block-column is-layout-flow wp-block-column-is-layout-flow\">\n<figure class=\"wp-block-image size-full is-style-rounded is-style-rounded--8\"><img loading=\"lazy\" decoding=\"async\" width=\"1080\" height=\"1351\" src=\"http:\/\/www.garajduro.org\/wp-content\/uploads\/2025\/12\/WhatsApp-Image-2025-12-14-at-18.18.04-1.jpeg\" alt=\"\" class=\"wp-image-2714\" style=\"aspect-ratio:1;object-fit:cover\" srcset=\"https:\/\/www.garajduro.org\/wp-content\/uploads\/2025\/12\/WhatsApp-Image-2025-12-14-at-18.18.04-1.jpeg 1080w, https:\/\/www.garajduro.org\/wp-content\/uploads\/2025\/12\/WhatsApp-Image-2025-12-14-at-18.18.04-1-240x300.jpeg 240w, https:\/\/www.garajduro.org\/wp-content\/uploads\/2025\/12\/WhatsApp-Image-2025-12-14-at-18.18.04-1-819x1024.jpeg 819w, https:\/\/www.garajduro.org\/wp-content\/uploads\/2025\/12\/WhatsApp-Image-2025-12-14-at-18.18.04-1-768x961.jpeg 768w\" sizes=\"auto, (max-width: 1080px) 100vw, 1080px\" \/><\/figure>\n\n\n\n<div class=\"wp-block-group is-vertical is-content-justification-center is-nowrap is-layout-flex wp-container-core-group-is-layout-63bfd6c1 wp-block-group-is-layout-flex\">\n<p class=\"has-text-align-center has-small-font-size\"><strong>Yann Le Corre<\/strong><\/p>\n\n\n\n<p class=\"has-text-align-center has-small-font-size\">Responsable pi\u00e8ces occasion<\/p>\n<\/div>\n<\/div>\n\n\n\n<div class=\"wp-block-column is-layout-flow wp-block-column-is-layout-flow\">\n<figure class=\"wp-block-image size-full is-style-rounded is-style-rounded--9\"><img loading=\"lazy\" decoding=\"async\" width=\"1080\" height=\"1333\" src=\"http:\/\/www.garajduro.org\/wp-content\/uploads\/2025\/12\/WhatsApp-Image-2025-12-14-at-18.18.04-2.jpeg\" alt=\"\" class=\"wp-image-2715\" style=\"aspect-ratio:1;object-fit:cover\" srcset=\"https:\/\/www.garajduro.org\/wp-content\/uploads\/2025\/12\/WhatsApp-Image-2025-12-14-at-18.18.04-2.jpeg 1080w, https:\/\/www.garajduro.org\/wp-content\/uploads\/2025\/12\/WhatsApp-Image-2025-12-14-at-18.18.04-2-243x300.jpeg 243w, https:\/\/www.garajduro.org\/wp-content\/uploads\/2025\/12\/WhatsApp-Image-2025-12-14-at-18.18.04-2-830x1024.jpeg 830w, https:\/\/www.garajduro.org\/wp-content\/uploads\/2025\/12\/WhatsApp-Image-2025-12-14-at-18.18.04-2-768x948.jpeg 768w\" sizes=\"auto, (max-width: 1080px) 100vw, 1080px\" \/><\/figure>\n\n\n\n<div class=\"wp-block-group is-vertical is-content-justification-center is-nowrap is-layout-flex wp-container-core-group-is-layout-21d4e958 wp-block-group-is-layout-flex\">\n<p class=\"has-text-align-center has-small-font-size\"><strong>Gabriel Faure<\/strong><\/p>\n\n\n\n<p class=\"has-text-align-center has-small-font-size\">Carrossier<\/p>\n<\/div>\n<\/div>\n\n\n\n<div class=\"wp-block-column is-layout-flow wp-block-column-is-layout-flow\">\n<figure class=\"wp-block-image size-full is-style-rounded is-style-rounded--10\"><img loading=\"lazy\" decoding=\"async\" width=\"1080\" height=\"1348\" src=\"http:\/\/www.garajduro.org\/wp-content\/uploads\/2025\/12\/WhatsApp-Image-2025-12-14-at-18.18.03.jpeg\" alt=\"\" class=\"wp-image-2710\" style=\"aspect-ratio:1;object-fit:cover\" srcset=\"https:\/\/www.garajduro.org\/wp-content\/uploads\/2025\/12\/WhatsApp-Image-2025-12-14-at-18.18.03.jpeg 1080w, https:\/\/www.garajduro.org\/wp-content\/uploads\/2025\/12\/WhatsApp-Image-2025-12-14-at-18.18.03-240x300.jpeg 240w, https:\/\/www.garajduro.org\/wp-content\/uploads\/2025\/12\/WhatsApp-Image-2025-12-14-at-18.18.03-820x1024.jpeg 820w, https:\/\/www.garajduro.org\/wp-content\/uploads\/2025\/12\/WhatsApp-Image-2025-12-14-at-18.18.03-768x959.jpeg 768w\" sizes=\"auto, (max-width: 1080px) 100vw, 1080px\" \/><\/figure>\n\n\n\n<div class=\"wp-block-group is-vertical is-content-justification-center is-nowrap is-layout-flex wp-container-core-group-is-layout-21d4e958 wp-block-group-is-layout-flex\">\n<p class=\"has-text-align-center has-small-font-size\"><strong>Gireg Milot<\/strong><\/p>\n\n\n\n<p class=\"has-text-align-center has-small-font-size\">Technicien automobile<\/p>\n<\/div>\n<\/div>\n<\/div>\n<\/div>\n","protected":false},"excerpt":{"rendered":"<p>L&rsquo;\u00e9quipe Du garaj Les meilleurs du staff de S\u00e9bastien Loeb \u00e0 l&rsquo;oeuvre. Elsa Leray Ing\u00e9nieuse en a\u00e9rodynamique Alice Mah\u00e9 Peintre automobile&nbsp; Danielle Titley Technicienne experte automobile Esteban Richard Monteur-pr\u00e9parateur en [&hellip;]<\/p>\n","protected":false},"author":2,"featured_media":0,"parent":0,"menu_order":5,"comment_status":"closed","ping_status":"closed","template":"page-no-title","meta":{"_acf_changed":false,"_uag_custom_page_level_css":"","_EventAllDay":false,"_EventTimezone":"","_EventStartDate":"","_EventEndDate":"","_EventStartDateUTC":"","_EventEndDateUTC":"","_EventShowMap":false,"_EventShowMapLink":false,"_EventURL":"","_EventCost":"","_EventCostDescription":"","_EventCurrencySymbol":"","_EventCurrencyCode":"","_EventCurrencyPosition":"","_EventDateTimeSeparator":"","_EventTimeRangeSeparator":"","_EventOrganizerID":[],"_EventVenueID":[],"_OrganizerEmail":"","_OrganizerPhone":"","_OrganizerWebsite":"","_VenueAddress":"","_VenueCity":"","_VenueCountry":"","_VenueProvince":"","_VenueState":"","_VenueZip":"","_VenuePhone":"","_VenueURL":"","_VenueStateProvince":"","_VenueLat":"","_VenueLng":"","_VenueShowMap":false,"_VenueShowMapLink":false,"_themeisle_gutenberg_block_has_review":false,"footnotes":""},"class_list":["post-229","page","type-page","status-publish","hentry"],"acf":[],"uagb_featured_image_src":{"full":false,"thumbnail":false,"medium":false,"medium_large":false,"large":false,"1536x1536":false,"2048x2048":false},"uagb_author_info":{"display_name":"Arnaud Bourdonnay","author_link":"https:\/\/www.garajduro.org\/index.php\/author\/arnaud\/"},"uagb_comment_info":0,"uagb_excerpt":"L&rsquo;\u00e9quipe Du garaj Les meilleurs du staff de S\u00e9bastien Loeb \u00e0 l&rsquo;oeuvre. Elsa Leray Ing\u00e9nieuse en a\u00e9rodynamique Alice Mah\u00e9 Peintre automobile&nbsp; Danielle Titley Technicienne experte automobile Esteban Richard Monteur-pr\u00e9parateur en [&hellip;]","_links":{"self":[{"href":"https:\/\/www.garajduro.org\/index.php\/wp-json\/wp\/v2\/pages\/229","targetHints":{"allow":["GET"]}}],"collection":[{"href":"https:\/\/www.garajduro.org\/index.php\/wp-json\/wp\/v2\/pages"}],"about":[{"href":"https:\/\/www.garajduro.org\/index.php\/wp-json\/wp\/v2\/types\/page"}],"author":[{"embeddable":true,"href":"https:\/\/www.garajduro.org\/index.php\/wp-json\/wp\/v2\/users\/2"}],"replies":[{"embeddable":true,"href":"https:\/\/www.garajduro.org\/index.php\/wp-json\/wp\/v2\/comments?post=229"}],"version-history":[{"count":56,"href":"https:\/\/www.garajduro.org\/index.php\/wp-json\/wp\/v2\/pages\/229\/revisions"}],"predecessor-version":[{"id":3242,"href":"https:\/\/www.garajduro.org\/index.php\/wp-json\/wp\/v2\/pages\/229\/revisions\/3242"}],"wp:attachment":[{"href":"https:\/\/www.garajduro.org\/index.php\/wp-json\/wp\/v2\/media?parent=229"}],"curies":[{"name":"wp","href":"https:\/\/api.w.org\/{rel}","templated":true}]}}