{"id":230,"date":"2025-07-03T15:02:32","date_gmt":"2025-07-03T13:02:32","guid":{"rendered":"https:\/\/www.garajduro.org\/?page_id=230"},"modified":"2026-02-04T16:11:36","modified_gmt":"2026-02-04T15:11:36","slug":"lasso","status":"publish","type":"page","link":"https:\/\/www.garajduro.org\/index.php\/lasso\/","title":{"rendered":"L&rsquo;asso"},"content":{"rendered":"\n<div class=\"wp-block-group alignfull ticss-4fe9fcf9 has-background has-global-padding is-layout-constrained wp-container-core-group-is-layout-d86ec046 wp-block-group-is-layout-constrained\" style=\"background:linear-gradient(141deg,rgba(196,177,0,0.88) 0%,rgba(82,238,255,0.71) 97%);margin-top:-60px;margin-bottom:-40px;padding-top:var(--wp--preset--spacing--50);padding-right:var(--wp--preset--spacing--50);padding-bottom:var(--wp--preset--spacing--50);padding-left:var(--wp--preset--spacing--50)\">\n<div class=\"wp-block-columns alignwide is-layout-flex wp-container-core-columns-is-layout-9a01b68c wp-block-columns-is-layout-flex\">\n<div class=\"wp-block-column is-vertically-aligned-stretch is-layout-flow wp-block-column-is-layout-flow\" style=\"padding-top:50px;flex-basis:60%\">\n<h2 class=\"wp-block-heading has-limelight-font-family has-xx-large-font-size\"><strong>LA FISELERIE<\/strong><\/h2>\n\n\n\n<div class=\"wp-block-group is-vertical is-content-justification-left is-layout-flex wp-container-core-group-is-layout-2bd2c8d0 wp-block-group-is-layout-flex\" style=\"min-height:100%;margin-top:var(--wp--preset--spacing--30)\">\n<p class=\"has-body-font-family has-medium-font-size\" style=\"line-height:1.2\">La Fiselerie est une association loi 1901 qui a \u00e9t\u00e9 \u00e9tablie en 2009, bas\u00e9e \u00e0 Rostrenen, en Centre-Bretagne. Au moment de sa cr\u00e9ation, le principal projet port\u00e9 par La Fiselerie \u00e9tait le Festival Fisel, qui a lieu chaque ann\u00e9e en Ao\u00fbt, \u00e0 Rostrenen. L\u2019association a depuis consid\u00e9rablement amplifi\u00e9 son activit\u00e9, en d\u00e9veloppant un projet culturel tout au long de l\u2019ann\u00e9e dont la locomotive demeure le Festival Fisel. De mani\u00e8re g\u00e9n\u00e9rale, La Fiselerie vise \u00e0 assurer la promotion de la culture traditionnelle et populaire du Centre Bretagne \u00e0 travers deux principaux axes&nbsp;:<br><br>Le soutien \u00e0 la cr\u00e9ation, la production et la diffusion de formes artistiques contemporaines et ouvertes sur le monde<br><br>La pr\u00e9servation et la transmission du patrimoine oral et immat\u00e9riel, en particulier autour de la langue bretonne.<br><br>Lien vers l&rsquo;asso: <a href=\"https:\/\/fisel.org\">fisel.org<\/a><\/p>\n<\/div>\n<\/div>\n\n\n\n<div class=\"wp-block-column is-vertically-aligned-center is-layout-flow wp-block-column-is-layout-flow\" style=\"flex-basis:40%\">\n<figure class=\"wp-block-image size-large is-style-rounded is-style-rounded--1\"><img loading=\"lazy\" decoding=\"async\" width=\"1024\" height=\"682\" src=\"http:\/\/www.garajduro.org\/wp-content\/uploads\/2025\/07\/5695471-1024x682.jpg\" alt=\"\" class=\"wp-image-310\" style=\"aspect-ratio:4\/3;object-fit:cover\" srcset=\"https:\/\/www.garajduro.org\/wp-content\/uploads\/2025\/07\/5695471-1024x682.jpg 1024w, https:\/\/www.garajduro.org\/wp-content\/uploads\/2025\/07\/5695471-300x200.jpg 300w, https:\/\/www.garajduro.org\/wp-content\/uploads\/2025\/07\/5695471-768x512.jpg 768w, https:\/\/www.garajduro.org\/wp-content\/uploads\/2025\/07\/5695471.jpg 1304w\" sizes=\"auto, (max-width: 1024px) 100vw, 1024px\" \/><\/figure>\n<\/div>\n<\/div>\n\n\n\n<div style=\"height:86px\" aria-hidden=\"true\" class=\"wp-block-spacer\"><\/div>\n<\/div>\n\n\n\n<div class=\"wp-block-group alignfull ticss-4fe9fcf9 has-background has-global-padding is-layout-constrained wp-container-core-group-is-layout-d86ec046 wp-block-group-is-layout-constrained\" style=\"background:linear-gradient(180deg,rgba(176,196,163,0.79) 0%,rgba(176,196,163,0.79) 100%);margin-top:-60px;margin-bottom:-40px;padding-top:var(--wp--preset--spacing--50);padding-right:var(--wp--preset--spacing--50);padding-bottom:var(--wp--preset--spacing--50);padding-left:var(--wp--preset--spacing--50)\">\n<h3 class=\"wp-block-heading has-text-align-center has-limelight-font-family has-x-large-font-size\">l&rsquo;\u00e9QUIPE DE LA FISELERIE<\/h3>\n\n\n\n<p class=\"has-text-align-center\">La coll\u00e9giale nous permet un fonctionnement horizontal qui conserve souplesse et assurance dans les virages. Les comp\u00e9tences de chacun ne sont plus .<\/p>\n\n\n\n<div style=\"height:20px\" aria-hidden=\"true\" class=\"wp-block-spacer\"><\/div>\n\n\n\n<div class=\"wp-block-columns alignwide is-layout-flex wp-container-core-columns-is-layout-4935966c wp-block-columns-is-layout-flex\" style=\"padding-right:0;padding-left:0\">\n<div class=\"wp-block-column is-layout-flow wp-block-column-is-layout-flow\">\n<figure class=\"wp-block-image size-full is-style-rounded is-style-rounded--2\"><img loading=\"lazy\" decoding=\"async\" width=\"225\" height=\"225\" src=\"http:\/\/www.garajduro.org\/wp-content\/uploads\/2025\/07\/images.jpeg\" alt=\"\" class=\"wp-image-525\" style=\"aspect-ratio:1;object-fit:cover\" srcset=\"https:\/\/www.garajduro.org\/wp-content\/uploads\/2025\/07\/images.jpeg 225w, https:\/\/www.garajduro.org\/wp-content\/uploads\/2025\/07\/images-150x150.jpeg 150w\" sizes=\"auto, (max-width: 225px) 100vw, 225px\" \/><\/figure>\n\n\n\n<div class=\"wp-block-group is-vertical is-content-justification-center is-nowrap is-layout-flex wp-container-core-group-is-layout-21d4e958 wp-block-group-is-layout-flex\">\n<p class=\"has-text-align-center has-small-font-size\"><strong>Guirec Milot<\/strong><\/p>\n\n\n\n<p class=\"has-text-align-center has-small-font-size\">Salari\u00e9 multit\u00e2ches, m\u00e9canique marketing<\/p>\n<\/div>\n<\/div>\n\n\n\n<div class=\"wp-block-column is-layout-flow wp-block-column-is-layout-flow\">\n<figure class=\"wp-block-image size-full is-style-rounded is-style-rounded--3\"><img loading=\"lazy\" decoding=\"async\" width=\"225\" height=\"225\" src=\"http:\/\/www.garajduro.org\/wp-content\/uploads\/2025\/07\/images-7.jpeg\" alt=\"\" class=\"wp-image-532\" style=\"aspect-ratio:1;object-fit:cover\" srcset=\"https:\/\/www.garajduro.org\/wp-content\/uploads\/2025\/07\/images-7.jpeg 225w, https:\/\/www.garajduro.org\/wp-content\/uploads\/2025\/07\/images-7-150x150.jpeg 150w\" sizes=\"auto, (max-width: 225px) 100vw, 225px\" \/><\/figure>\n\n\n\n<div class=\"wp-block-group is-vertical is-content-justification-center is-nowrap is-layout-flex wp-container-core-group-is-layout-63bfd6c1 wp-block-group-is-layout-flex\">\n<p class=\"has-text-align-center has-small-font-size\"><strong>Anne Sophie L\u2019Amoulen<\/strong><\/p>\n\n\n\n<p class=\"has-text-align-center has-small-font-size\">Membre du CA<\/p>\n<\/div>\n<\/div>\n\n\n\n<div class=\"wp-block-column is-layout-flow wp-block-column-is-layout-flow\">\n<figure class=\"wp-block-image size-full is-style-rounded is-style-rounded--4\"><img loading=\"lazy\" decoding=\"async\" width=\"225\" height=\"225\" src=\"http:\/\/www.garajduro.org\/wp-content\/uploads\/2025\/07\/images-6.jpeg\" alt=\"\" class=\"wp-image-531\" style=\"aspect-ratio:1;object-fit:cover\" srcset=\"https:\/\/www.garajduro.org\/wp-content\/uploads\/2025\/07\/images-6.jpeg 225w, https:\/\/www.garajduro.org\/wp-content\/uploads\/2025\/07\/images-6-150x150.jpeg 150w\" sizes=\"auto, (max-width: 225px) 100vw, 225px\" \/><\/figure>\n\n\n\n<div class=\"wp-block-group is-vertical is-content-justification-center is-nowrap is-layout-flex wp-container-core-group-is-layout-63bfd6c1 wp-block-group-is-layout-flex\">\n<p class=\"has-text-align-center has-small-font-size\"><strong>Theo Flageul<\/strong><\/p>\n\n\n\n<p class=\"has-text-align-center has-small-font-size\">Membre du CA<\/p>\n<\/div>\n<\/div>\n\n\n\n<div class=\"wp-block-column is-layout-flow wp-block-column-is-layout-flow\">\n<figure class=\"wp-block-image size-full is-style-rounded is-style-rounded--5\"><img loading=\"lazy\" decoding=\"async\" width=\"225\" height=\"225\" src=\"http:\/\/www.garajduro.org\/wp-content\/uploads\/2025\/07\/images-3.jpeg\" alt=\"\" class=\"wp-image-528\" style=\"aspect-ratio:1;object-fit:cover\" srcset=\"https:\/\/www.garajduro.org\/wp-content\/uploads\/2025\/07\/images-3.jpeg 225w, https:\/\/www.garajduro.org\/wp-content\/uploads\/2025\/07\/images-3-150x150.jpeg 150w\" sizes=\"auto, (max-width: 225px) 100vw, 225px\" \/><\/figure>\n\n\n\n<div class=\"wp-block-group is-vertical is-content-justification-center is-nowrap is-layout-flex wp-container-core-group-is-layout-21d4e958 wp-block-group-is-layout-flex\">\n<p class=\"has-text-align-center has-small-font-size\"><strong>Benjamin Henry<\/strong><\/p>\n\n\n\n<p class=\"has-text-align-center has-small-font-size\">Membre du CA<\/p>\n<\/div>\n<\/div>\n\n\n\n<div class=\"wp-block-column is-layout-flow wp-block-column-is-layout-flow\">\n<figure class=\"wp-block-image size-full is-style-rounded is-style-rounded--6\"><img loading=\"lazy\" decoding=\"async\" width=\"225\" height=\"225\" src=\"http:\/\/www.garajduro.org\/wp-content\/uploads\/2025\/07\/images-2.jpeg\" alt=\"\" class=\"wp-image-527\" style=\"aspect-ratio:1;object-fit:cover\" srcset=\"https:\/\/www.garajduro.org\/wp-content\/uploads\/2025\/07\/images-2.jpeg 225w, https:\/\/www.garajduro.org\/wp-content\/uploads\/2025\/07\/images-2-150x150.jpeg 150w\" sizes=\"auto, (max-width: 225px) 100vw, 225px\" \/><\/figure>\n\n\n\n<div class=\"wp-block-group is-vertical is-content-justification-center is-nowrap is-layout-flex wp-container-core-group-is-layout-21d4e958 wp-block-group-is-layout-flex\">\n<p class=\"has-text-align-center has-small-font-size\"><strong>Alan Kloareg<\/strong><\/p>\n\n\n\n<p class=\"has-text-align-center has-small-font-size\">Membre du CA<\/p>\n<\/div>\n<\/div>\n\n\n\n<div class=\"wp-block-column is-layout-flow wp-block-column-is-layout-flow\">\n<figure class=\"wp-block-image size-full is-style-rounded is-style-rounded--7\"><img loading=\"lazy\" decoding=\"async\" width=\"225\" height=\"225\" src=\"http:\/\/www.garajduro.org\/wp-content\/uploads\/2025\/07\/images-1.jpeg\" alt=\"\" class=\"wp-image-526\" style=\"aspect-ratio:1;object-fit:cover\" srcset=\"https:\/\/www.garajduro.org\/wp-content\/uploads\/2025\/07\/images-1.jpeg 225w, https:\/\/www.garajduro.org\/wp-content\/uploads\/2025\/07\/images-1-150x150.jpeg 150w\" sizes=\"auto, (max-width: 225px) 100vw, 225px\" \/><\/figure>\n\n\n\n<div class=\"wp-block-group is-vertical is-content-justification-center is-nowrap is-layout-flex wp-container-core-group-is-layout-21d4e958 wp-block-group-is-layout-flex\">\n<p class=\"has-text-align-center has-small-font-size\"><strong>Matthieu Andr\u00e9<\/strong><\/p>\n\n\n\n<p class=\"has-text-align-center has-small-font-size\">Membre du CA<\/p>\n<\/div>\n<\/div>\n<\/div>\n\n\n\n<div class=\"wp-block-columns alignwide is-layout-flex wp-container-core-columns-is-layout-4935966c wp-block-columns-is-layout-flex\" style=\"padding-right:0;padding-left:0\">\n<div class=\"wp-block-column is-layout-flow wp-block-column-is-layout-flow\">\n<figure class=\"wp-block-image size-full is-style-rounded is-style-rounded--8\"><img loading=\"lazy\" decoding=\"async\" width=\"225\" height=\"225\" src=\"http:\/\/www.garajduro.org\/wp-content\/uploads\/2025\/07\/images-4.jpeg\" alt=\"\" class=\"wp-image-529\" style=\"aspect-ratio:1;object-fit:cover\" srcset=\"https:\/\/www.garajduro.org\/wp-content\/uploads\/2025\/07\/images-4.jpeg 225w, https:\/\/www.garajduro.org\/wp-content\/uploads\/2025\/07\/images-4-150x150.jpeg 150w\" sizes=\"auto, (max-width: 225px) 100vw, 225px\" \/><\/figure>\n\n\n\n<div class=\"wp-block-group is-vertical is-content-justification-center is-nowrap is-layout-flex wp-container-core-group-is-layout-21d4e958 wp-block-group-is-layout-flex\">\n<p class=\"has-text-align-center has-small-font-size\"><strong>Armelle Lucas<\/strong><\/p>\n\n\n\n<p class=\"has-text-align-center has-small-font-size\">Membre du CA<\/p>\n<\/div>\n<\/div>\n\n\n\n<div class=\"wp-block-column is-layout-flow wp-block-column-is-layout-flow\">\n<figure class=\"wp-block-image size-full is-style-rounded is-style-rounded--9\"><img loading=\"lazy\" decoding=\"async\" width=\"225\" height=\"225\" src=\"http:\/\/www.garajduro.org\/wp-content\/uploads\/2025\/07\/images-7.jpeg\" alt=\"\" class=\"wp-image-532\" style=\"aspect-ratio:1;object-fit:cover\" srcset=\"https:\/\/www.garajduro.org\/wp-content\/uploads\/2025\/07\/images-7.jpeg 225w, https:\/\/www.garajduro.org\/wp-content\/uploads\/2025\/07\/images-7-150x150.jpeg 150w\" sizes=\"auto, (max-width: 225px) 100vw, 225px\" \/><\/figure>\n\n\n\n<div class=\"wp-block-group is-vertical is-content-justification-center is-nowrap is-layout-flex wp-container-core-group-is-layout-21d4e958 wp-block-group-is-layout-flex\">\n<p class=\"has-text-align-center has-small-font-size\"><strong>Sophie Lendormy<\/strong><\/p>\n\n\n\n<p class=\"has-text-align-center has-small-font-size\">Membre du CA<\/p>\n<\/div>\n<\/div>\n\n\n\n<div class=\"wp-block-column is-layout-flow wp-block-column-is-layout-flow\">\n<figure class=\"wp-block-image size-full is-style-rounded is-style-rounded--10\"><img loading=\"lazy\" decoding=\"async\" width=\"225\" height=\"225\" src=\"http:\/\/www.garajduro.org\/wp-content\/uploads\/2025\/07\/images-3.jpeg\" alt=\"\" class=\"wp-image-528\" style=\"aspect-ratio:1;object-fit:cover\" srcset=\"https:\/\/www.garajduro.org\/wp-content\/uploads\/2025\/07\/images-3.jpeg 225w, https:\/\/www.garajduro.org\/wp-content\/uploads\/2025\/07\/images-3-150x150.jpeg 150w\" sizes=\"auto, (max-width: 225px) 100vw, 225px\" \/><\/figure>\n\n\n\n<div class=\"wp-block-group is-vertical is-content-justification-center is-nowrap is-layout-flex wp-container-core-group-is-layout-63bfd6c1 wp-block-group-is-layout-flex\">\n<p class=\"has-text-align-center has-small-font-size\"><strong>Alice Mah\u00e9<\/strong><\/p>\n\n\n\n<p class=\"has-text-align-center has-small-font-size\">Membre du CA<\/p>\n<\/div>\n<\/div>\n\n\n\n<div class=\"wp-block-column is-layout-flow wp-block-column-is-layout-flow\">\n<figure class=\"wp-block-image size-full is-style-rounded is-style-rounded--11\"><img loading=\"lazy\" decoding=\"async\" width=\"225\" height=\"225\" src=\"http:\/\/www.garajduro.org\/wp-content\/uploads\/2025\/07\/images-5.jpeg\" alt=\"\" class=\"wp-image-530\" style=\"aspect-ratio:1;object-fit:cover\" srcset=\"https:\/\/www.garajduro.org\/wp-content\/uploads\/2025\/07\/images-5.jpeg 225w, https:\/\/www.garajduro.org\/wp-content\/uploads\/2025\/07\/images-5-150x150.jpeg 150w\" sizes=\"auto, (max-width: 225px) 100vw, 225px\" \/><\/figure>\n\n\n\n<div class=\"wp-block-group is-vertical is-content-justification-center is-nowrap is-layout-flex wp-container-core-group-is-layout-21d4e958 wp-block-group-is-layout-flex\">\n<p class=\"has-text-align-center has-small-font-size\"><strong>Marc Penn<\/strong><\/p>\n\n\n\n<p class=\"has-text-align-center has-small-font-size\">Membre du CA<\/p>\n<\/div>\n<\/div>\n\n\n\n<div class=\"wp-block-column is-layout-flow wp-block-column-is-layout-flow\">\n<figure class=\"wp-block-image size-full is-style-rounded is-style-rounded--12\"><img loading=\"lazy\" decoding=\"async\" width=\"225\" height=\"225\" src=\"http:\/\/www.garajduro.org\/wp-content\/uploads\/2025\/07\/images-4.jpeg\" alt=\"\" class=\"wp-image-529\" style=\"aspect-ratio:1;object-fit:cover\" srcset=\"https:\/\/www.garajduro.org\/wp-content\/uploads\/2025\/07\/images-4.jpeg 225w, https:\/\/www.garajduro.org\/wp-content\/uploads\/2025\/07\/images-4-150x150.jpeg 150w\" sizes=\"auto, (max-width: 225px) 100vw, 225px\" \/><\/figure>\n\n\n\n<div class=\"wp-block-group is-vertical is-content-justification-center is-nowrap is-layout-flex wp-container-core-group-is-layout-21d4e958 wp-block-group-is-layout-flex\">\n<p class=\"has-text-align-center has-small-font-size\"><strong>Alexandre Rio<\/strong><\/p>\n\n\n\n<p class=\"has-text-align-center has-small-font-size\">Membre du CA<\/p>\n<\/div>\n<\/div>\n\n\n\n<div class=\"wp-block-column is-layout-flow wp-block-column-is-layout-flow\">\n<figure class=\"wp-block-image size-full is-style-rounded is-style-rounded--13\"><img loading=\"lazy\" decoding=\"async\" width=\"225\" height=\"225\" src=\"http:\/\/www.garajduro.org\/wp-content\/uploads\/2025\/07\/images-8.jpeg\" alt=\"\" class=\"wp-image-533\" style=\"aspect-ratio:1;object-fit:cover\" srcset=\"https:\/\/www.garajduro.org\/wp-content\/uploads\/2025\/07\/images-8.jpeg 225w, https:\/\/www.garajduro.org\/wp-content\/uploads\/2025\/07\/images-8-150x150.jpeg 150w\" sizes=\"auto, (max-width: 225px) 100vw, 225px\" \/><\/figure>\n\n\n\n<div class=\"wp-block-group is-vertical is-content-justification-center is-nowrap is-layout-flex wp-container-core-group-is-layout-21d4e958 wp-block-group-is-layout-flex\">\n<p class=\"has-text-align-center has-small-font-size\"><strong>Axelle Th\u00e9pault<\/strong><\/p>\n\n\n\n<p class=\"has-text-align-center has-small-font-size\">Membre du CA<\/p>\n<\/div>\n<\/div>\n<\/div>\n<\/div>\n","protected":false},"excerpt":{"rendered":"<p>LA FISELERIE La Fiselerie est une association loi 1901 qui a \u00e9t\u00e9 \u00e9tablie en 2009, bas\u00e9e \u00e0 Rostrenen, en Centre-Bretagne. Au moment de sa cr\u00e9ation, le principal projet port\u00e9 par [&hellip;]<\/p>\n","protected":false},"author":2,"featured_media":0,"parent":0,"menu_order":4,"comment_status":"closed","ping_status":"closed","template":"page-no-title","meta":{"_acf_changed":false,"_uag_custom_page_level_css":"","_EventAllDay":false,"_EventTimezone":"","_EventStartDate":"","_EventEndDate":"","_EventStartDateUTC":"","_EventEndDateUTC":"","_EventShowMap":false,"_EventShowMapLink":false,"_EventURL":"","_EventCost":"","_EventCostDescription":"","_EventCurrencySymbol":"","_EventCurrencyCode":"","_EventCurrencyPosition":"","_EventDateTimeSeparator":"","_EventTimeRangeSeparator":"","_EventOrganizerID":[],"_EventVenueID":[],"_OrganizerEmail":"","_OrganizerPhone":"","_OrganizerWebsite":"","_VenueAddress":"","_VenueCity":"","_VenueCountry":"","_VenueProvince":"","_VenueState":"","_VenueZip":"","_VenuePhone":"","_VenueURL":"","_VenueStateProvince":"","_VenueLat":"","_VenueLng":"","_VenueShowMap":false,"_VenueShowMapLink":false,"_themeisle_gutenberg_block_has_review":false,"footnotes":""},"class_list":["post-230","page","type-page","status-publish","hentry"],"acf":[],"uagb_featured_image_src":{"full":false,"thumbnail":false,"medium":false,"medium_large":false,"large":false,"1536x1536":false,"2048x2048":false},"uagb_author_info":{"display_name":"Arnaud Bourdonnay","author_link":"https:\/\/www.garajduro.org\/index.php\/author\/arnaud\/"},"uagb_comment_info":0,"uagb_excerpt":"LA FISELERIE La Fiselerie est une association loi 1901 qui a \u00e9t\u00e9 \u00e9tablie en 2009, bas\u00e9e \u00e0 Rostrenen, en Centre-Bretagne. Au moment de sa cr\u00e9ation, le principal projet port\u00e9 par [&hellip;]","_links":{"self":[{"href":"https:\/\/www.garajduro.org\/index.php\/wp-json\/wp\/v2\/pages\/230","targetHints":{"allow":["GET"]}}],"collection":[{"href":"https:\/\/www.garajduro.org\/index.php\/wp-json\/wp\/v2\/pages"}],"about":[{"href":"https:\/\/www.garajduro.org\/index.php\/wp-json\/wp\/v2\/types\/page"}],"author":[{"embeddable":true,"href":"https:\/\/www.garajduro.org\/index.php\/wp-json\/wp\/v2\/users\/2"}],"replies":[{"embeddable":true,"href":"https:\/\/www.garajduro.org\/index.php\/wp-json\/wp\/v2\/comments?post=230"}],"version-history":[{"count":148,"href":"https:\/\/www.garajduro.org\/index.php\/wp-json\/wp\/v2\/pages\/230\/revisions"}],"predecessor-version":[{"id":3133,"href":"https:\/\/www.garajduro.org\/index.php\/wp-json\/wp\/v2\/pages\/230\/revisions\/3133"}],"wp:attachment":[{"href":"https:\/\/www.garajduro.org\/index.php\/wp-json\/wp\/v2\/media?parent=230"}],"curies":[{"name":"wp","href":"https:\/\/api.w.org\/{rel}","templated":true}]}}