{"id":233,"date":"2025-07-03T15:04:02","date_gmt":"2025-07-03T13:04:02","guid":{"rendered":"https:\/\/www.garajduro.org\/?page_id=233"},"modified":"2026-02-04T16:11:27","modified_gmt":"2026-02-04T15:11:27","slug":"partenaires","status":"publish","type":"page","link":"https:\/\/www.garajduro.org\/index.php\/partenaires\/","title":{"rendered":"Partner"},"content":{"rendered":"\n<div class=\"wp-block-group alignfull ticss-6767e56a has-background has-global-padding is-layout-constrained wp-container-core-group-is-layout-da4212b5 wp-block-group-is-layout-constrained\" style=\"background:linear-gradient(135deg,rgba(255,158,158,0.83) 0%,rgba(222,198,198,0.45) 100%);margin-top:-60px;margin-bottom:0;padding-top:var(--wp--preset--spacing--50);padding-right:var(--wp--preset--spacing--50);padding-bottom:var(--wp--preset--spacing--50);padding-left:var(--wp--preset--spacing--50)\">\n<div style=\"height:52px\" aria-hidden=\"true\" class=\"wp-block-spacer\"><\/div>\n\n\n\n<h2 class=\"wp-block-heading has-text-align-center has-limelight-font-family has-xx-large-font-size\">Un grand merci \u00e0 tous nos partenaires<\/h2>\n\n\n\n<div style=\"height:111px\" aria-hidden=\"true\" class=\"wp-block-spacer\"><\/div>\n\n\n\n<p class=\"has-text-align-center has-large-font-size\">COLLECTIVIT\u00c9S PUBLIQUES<\/p>\n\n\n\n<div style=\"height:33px\" aria-hidden=\"true\" class=\"wp-block-spacer\"><\/div>\n\n\n\n<div class=\"wp-block-group is-content-justification-center is-layout-flex wp-container-core-group-is-layout-2e827744 wp-block-group-is-layout-flex\">\n<figure class=\"wp-block-image size-full is-resized is-style-rounded wp-duotone-duotone-1 is-style-rounded--1\" id=\"wp-block-themeisle-blocks-image-20051c24\"><img loading=\"lazy\" decoding=\"async\" width=\"1284\" height=\"1284\" src=\"http:\/\/www.garajduro.org\/wp-content\/uploads\/2025\/12\/Europe-1.png\" alt=\"\" class=\"wp-image-1675\" style=\"object-fit:contain;width:200px;height:200px\" srcset=\"https:\/\/www.garajduro.org\/wp-content\/uploads\/2025\/12\/Europe-1.png 1284w, https:\/\/www.garajduro.org\/wp-content\/uploads\/2025\/12\/Europe-1-300x300.png 300w, https:\/\/www.garajduro.org\/wp-content\/uploads\/2025\/12\/Europe-1-1024x1024.png 1024w, https:\/\/www.garajduro.org\/wp-content\/uploads\/2025\/12\/Europe-1-150x150.png 150w, https:\/\/www.garajduro.org\/wp-content\/uploads\/2025\/12\/Europe-1-768x768.png 768w\" sizes=\"auto, (max-width: 1284px) 100vw, 1284px\" \/><\/figure>\n\n\n\n<figure class=\"wp-block-image size-full is-resized is-style-rounded wp-duotone-duotone-1 is-style-rounded--2\" id=\"wp-block-themeisle-blocks-image-5aeaed8c\"><img loading=\"lazy\" decoding=\"async\" width=\"332\" height=\"332\" src=\"http:\/\/www.garajduro.org\/wp-content\/uploads\/2025\/12\/cnm-centre-de-la-musique.png\" alt=\"\" class=\"wp-image-1673\" style=\"object-fit:contain;width:200px;height:200px\" srcset=\"https:\/\/www.garajduro.org\/wp-content\/uploads\/2025\/12\/cnm-centre-de-la-musique.png 332w, https:\/\/www.garajduro.org\/wp-content\/uploads\/2025\/12\/cnm-centre-de-la-musique-300x300.png 300w, https:\/\/www.garajduro.org\/wp-content\/uploads\/2025\/12\/cnm-centre-de-la-musique-150x150.png 150w\" sizes=\"auto, (max-width: 332px) 100vw, 332px\" \/><\/figure>\n\n\n\n<figure class=\"wp-block-image size-full is-resized is-style-rounded is-style-rounded--3\" id=\"wp-block-themeisle-blocks-image-086de2b8\"><img loading=\"lazy\" decoding=\"async\" width=\"535\" height=\"535\" src=\"http:\/\/www.garajduro.org\/wp-content\/uploads\/2025\/12\/logo-region-bretagne-removebg-preview-1.png\" alt=\"\" class=\"wp-image-1679\" style=\"object-fit:contain;width:200px;height:200px\" srcset=\"https:\/\/www.garajduro.org\/wp-content\/uploads\/2025\/12\/logo-region-bretagne-removebg-preview-1.png 535w, https:\/\/www.garajduro.org\/wp-content\/uploads\/2025\/12\/logo-region-bretagne-removebg-preview-1-300x300.png 300w, https:\/\/www.garajduro.org\/wp-content\/uploads\/2025\/12\/logo-region-bretagne-removebg-preview-1-150x150.png 150w\" sizes=\"auto, (max-width: 535px) 100vw, 535px\" \/><\/figure>\n\n\n\n<figure class=\"wp-block-image size-full is-resized is-style-rounded wp-duotone-duotone-1 is-style-rounded--4\" id=\"wp-block-themeisle-blocks-image-bdabae0d\"><img loading=\"lazy\" decoding=\"async\" width=\"500\" height=\"500\" src=\"http:\/\/www.garajduro.org\/wp-content\/uploads\/2025\/12\/communaute-de-commune-du-kreiz-breizh.jpg\" alt=\"\" class=\"wp-image-1646\" style=\"object-fit:contain;width:200px;height:200px\" srcset=\"https:\/\/www.garajduro.org\/wp-content\/uploads\/2025\/12\/communaute-de-commune-du-kreiz-breizh.jpg 500w, https:\/\/www.garajduro.org\/wp-content\/uploads\/2025\/12\/communaute-de-commune-du-kreiz-breizh-300x300.jpg 300w, https:\/\/www.garajduro.org\/wp-content\/uploads\/2025\/12\/communaute-de-commune-du-kreiz-breizh-150x150.jpg 150w\" sizes=\"auto, (max-width: 500px) 100vw, 500px\" \/><\/figure>\n\n\n\n<figure class=\"wp-block-image size-full is-resized is-style-rounded wp-duotone-duotone-1 is-style-rounded--5\" id=\"wp-block-themeisle-blocks-image-9000afab\"><img loading=\"lazy\" decoding=\"async\" width=\"294\" height=\"294\" src=\"http:\/\/www.garajduro.org\/wp-content\/uploads\/2025\/12\/Ville-de-rostrenen.png\" alt=\"\" class=\"wp-image-1650\" style=\"object-fit:contain;width:200px;height:200px\" srcset=\"https:\/\/www.garajduro.org\/wp-content\/uploads\/2025\/12\/Ville-de-rostrenen.png 294w, https:\/\/www.garajduro.org\/wp-content\/uploads\/2025\/12\/Ville-de-rostrenen-150x150.png 150w\" sizes=\"auto, (max-width: 294px) 100vw, 294px\" \/><\/figure>\n\n\n\n<figure class=\"wp-block-image size-full is-resized is-style-rounded wp-duotone-duotone-1 is-style-rounded--6\" id=\"wp-block-themeisle-blocks-image-27a7821f\"><img loading=\"lazy\" decoding=\"async\" width=\"200\" height=\"200\" src=\"http:\/\/www.garajduro.org\/wp-content\/uploads\/2025\/12\/ministere-de-la-culture-et-de-la-communication.jpg\" alt=\"\" class=\"wp-image-1648\" style=\"object-fit:contain;width:200px;height:200px\" srcset=\"https:\/\/www.garajduro.org\/wp-content\/uploads\/2025\/12\/ministere-de-la-culture-et-de-la-communication.jpg 200w, https:\/\/www.garajduro.org\/wp-content\/uploads\/2025\/12\/ministere-de-la-culture-et-de-la-communication-150x150.jpg 150w\" sizes=\"auto, (max-width: 200px) 100vw, 200px\" \/><\/figure>\n\n\n\n<figure class=\"wp-block-image size-full is-resized is-style-rounded is-style-rounded--7\" id=\"wp-block-themeisle-blocks-image-634ad124\"><img loading=\"lazy\" decoding=\"async\" width=\"1529\" height=\"1529\" src=\"http:\/\/www.garajduro.org\/wp-content\/uploads\/2025\/12\/Cotes-darmor.png\" alt=\"\" class=\"wp-image-1647\" style=\"object-fit:contain;width:200px;height:200px\" srcset=\"https:\/\/www.garajduro.org\/wp-content\/uploads\/2025\/12\/Cotes-darmor.png 1529w, https:\/\/www.garajduro.org\/wp-content\/uploads\/2025\/12\/Cotes-darmor-300x300.png 300w, https:\/\/www.garajduro.org\/wp-content\/uploads\/2025\/12\/Cotes-darmor-1024x1024.png 1024w, https:\/\/www.garajduro.org\/wp-content\/uploads\/2025\/12\/Cotes-darmor-150x150.png 150w, https:\/\/www.garajduro.org\/wp-content\/uploads\/2025\/12\/Cotes-darmor-768x768.png 768w\" sizes=\"auto, (max-width: 1529px) 100vw, 1529px\" \/><\/figure>\n<\/div>\n\n\n\n<div style=\"height:100px\" aria-hidden=\"true\" class=\"wp-block-spacer\"><\/div>\n<\/div>\n\n\n\n<div class=\"wp-block-group alignfull has-background has-global-padding is-layout-constrained wp-container-core-group-is-layout-aa007580 wp-block-group-is-layout-constrained\" style=\"background:linear-gradient(135deg,rgba(123,181,214,0.8) 0%,rgba(255,255,255,0.63) 100%);margin-top:0;margin-bottom:0;padding-top:var(--wp--preset--spacing--50);padding-right:var(--wp--preset--spacing--50);padding-bottom:var(--wp--preset--spacing--50);padding-left:var(--wp--preset--spacing--50)\">\n<p class=\"has-text-align-center has-large-font-size\">F\u00c9D\u00c9RATIONS<\/p>\n\n\n\n<div style=\"height:31px\" aria-hidden=\"true\" class=\"wp-block-spacer\"><\/div>\n\n\n\n<div class=\"wp-block-group is-content-justification-center is-layout-flex wp-container-core-group-is-layout-2e827744 wp-block-group-is-layout-flex\">\n<figure class=\"wp-block-image size-full is-resized is-style-rounded wp-duotone-duotone-1 is-style-rounded--8\" id=\"wp-block-themeisle-blocks-image-67e47c46\"><img loading=\"lazy\" decoding=\"async\" width=\"361\" height=\"361\" src=\"http:\/\/www.garajduro.org\/wp-content\/uploads\/2025\/12\/le-collectif-des-fetivals.png\" alt=\"\" class=\"wp-image-1657\" style=\"object-fit:contain;width:200px;height:200px\" srcset=\"https:\/\/www.garajduro.org\/wp-content\/uploads\/2025\/12\/le-collectif-des-fetivals.png 361w, https:\/\/www.garajduro.org\/wp-content\/uploads\/2025\/12\/le-collectif-des-fetivals-300x300.png 300w, https:\/\/www.garajduro.org\/wp-content\/uploads\/2025\/12\/le-collectif-des-fetivals-150x150.png 150w\" sizes=\"auto, (max-width: 361px) 100vw, 361px\" \/><\/figure>\n\n\n\n<figure class=\"wp-block-image size-full is-resized is-style-rounded wp-duotone-duotone-1 is-style-rounded--9\" id=\"wp-block-themeisle-blocks-image-4a259ae7\"><img loading=\"lazy\" decoding=\"async\" width=\"448\" height=\"448\" src=\"http:\/\/www.garajduro.org\/wp-content\/uploads\/2025\/12\/famdt.jpg\" alt=\"\" class=\"wp-image-1656\" style=\"object-fit:contain;width:200px;height:200px\" srcset=\"https:\/\/www.garajduro.org\/wp-content\/uploads\/2025\/12\/famdt.jpg 448w, https:\/\/www.garajduro.org\/wp-content\/uploads\/2025\/12\/famdt-300x300.jpg 300w, https:\/\/www.garajduro.org\/wp-content\/uploads\/2025\/12\/famdt-150x150.jpg 150w\" sizes=\"auto, (max-width: 448px) 100vw, 448px\" \/><\/figure>\n\n\n\n<figure class=\"wp-block-image size-full is-resized is-style-rounded wp-duotone-duotone-1 is-style-rounded--10\" id=\"wp-block-themeisle-blocks-image-fd5e36f0\"><img loading=\"lazy\" decoding=\"async\" width=\"252\" height=\"252\" src=\"http:\/\/www.garajduro.org\/wp-content\/uploads\/2025\/12\/raok.png\" alt=\"\" class=\"wp-image-1658\" style=\"object-fit:contain;width:200px;height:200px\" srcset=\"https:\/\/www.garajduro.org\/wp-content\/uploads\/2025\/12\/raok.png 252w, https:\/\/www.garajduro.org\/wp-content\/uploads\/2025\/12\/raok-150x150.png 150w\" sizes=\"auto, (max-width: 252px) 100vw, 252px\" \/><\/figure>\n<\/div>\n<\/div>\n\n\n\n<div class=\"wp-block-group alignfull has-background has-global-padding is-layout-constrained wp-container-core-group-is-layout-aa007580 wp-block-group-is-layout-constrained\" style=\"background:linear-gradient(135deg,rgba(51,157,161,0.83) 0%,rgba(170,223,224,0.53) 100%);margin-top:0;margin-bottom:0;padding-top:var(--wp--preset--spacing--50);padding-right:var(--wp--preset--spacing--50);padding-bottom:var(--wp--preset--spacing--50);padding-left:var(--wp--preset--spacing--50)\">\n<p class=\"has-text-align-center has-large-font-size\">ASSOCIATIFS<\/p>\n\n\n\n<div style=\"height:31px\" aria-hidden=\"true\" class=\"wp-block-spacer\"><\/div>\n\n\n\n<div class=\"wp-block-group is-content-justification-center is-layout-flex wp-container-core-group-is-layout-2e827744 wp-block-group-is-layout-flex\">\n<figure class=\"wp-block-image size-full is-resized is-style-rounded wp-duotone-duotone-1 is-style-rounded--11\" id=\"wp-block-themeisle-blocks-image-06e27658\"><img loading=\"lazy\" decoding=\"async\" width=\"238\" height=\"238\" src=\"http:\/\/www.garajduro.org\/wp-content\/uploads\/2025\/12\/ty-films.png\" alt=\"\" class=\"wp-image-1669\" style=\"object-fit:contain;width:200px;height:200px\" srcset=\"https:\/\/www.garajduro.org\/wp-content\/uploads\/2025\/12\/ty-films.png 238w, https:\/\/www.garajduro.org\/wp-content\/uploads\/2025\/12\/ty-films-150x150.png 150w\" sizes=\"auto, (max-width: 238px) 100vw, 238px\" \/><\/figure>\n\n\n\n<figure class=\"wp-block-image size-full is-resized is-style-rounded wp-duotone-duotone-1 is-style-rounded--12\" id=\"wp-block-themeisle-blocks-image-9ad883e8\"><img loading=\"lazy\" decoding=\"async\" width=\"253\" height=\"253\" src=\"http:\/\/www.garajduro.org\/wp-content\/uploads\/2025\/12\/muisques-tetues.png\" alt=\"\" class=\"wp-image-1666\" style=\"object-fit:contain;width:200px;height:200px\" srcset=\"https:\/\/www.garajduro.org\/wp-content\/uploads\/2025\/12\/muisques-tetues.png 253w, https:\/\/www.garajduro.org\/wp-content\/uploads\/2025\/12\/muisques-tetues-150x150.png 150w\" sizes=\"auto, (max-width: 253px) 100vw, 253px\" \/><\/figure>\n\n\n\n<figure class=\"wp-block-image size-full is-resized is-style-rounded wp-duotone-duotone-1 is-style-rounded--13\" id=\"wp-block-themeisle-blocks-image-46797a6e\"><img loading=\"lazy\" decoding=\"async\" width=\"131\" height=\"131\" src=\"http:\/\/www.garajduro.org\/wp-content\/uploads\/2025\/12\/le-plancher-la-saison.png\" alt=\"\" class=\"wp-image-1664\" style=\"object-fit:contain;width:200px;height:200px\"\/><\/figure>\n\n\n\n<figure class=\"wp-block-image size-full is-resized is-style-rounded is-style-rounded--14\" id=\"wp-block-themeisle-blocks-image-5906334c\"><img loading=\"lazy\" decoding=\"async\" width=\"337\" height=\"337\" src=\"http:\/\/www.garajduro.org\/wp-content\/uploads\/2025\/12\/bonjour-minuit.png\" alt=\"\" class=\"wp-image-1593\" style=\"object-fit:contain;width:200px;height:200px\" srcset=\"https:\/\/www.garajduro.org\/wp-content\/uploads\/2025\/12\/bonjour-minuit.png 337w, https:\/\/www.garajduro.org\/wp-content\/uploads\/2025\/12\/bonjour-minuit-300x300.png 300w, https:\/\/www.garajduro.org\/wp-content\/uploads\/2025\/12\/bonjour-minuit-150x150.png 150w\" sizes=\"auto, (max-width: 337px) 100vw, 337px\" \/><\/figure>\n\n\n\n<figure class=\"wp-block-image size-full is-resized is-style-rounded wp-duotone-duotone-1 is-style-rounded--15\" id=\"wp-block-themeisle-blocks-image-aaac36a2\"><img loading=\"lazy\" decoding=\"async\" width=\"414\" height=\"414\" src=\"http:\/\/www.garajduro.org\/wp-content\/uploads\/2025\/12\/les-vieilles-charrues.jpg\" alt=\"\" class=\"wp-image-1665\" style=\"object-fit:contain;width:200px;height:200px\" srcset=\"https:\/\/www.garajduro.org\/wp-content\/uploads\/2025\/12\/les-vieilles-charrues.jpg 414w, https:\/\/www.garajduro.org\/wp-content\/uploads\/2025\/12\/les-vieilles-charrues-300x300.jpg 300w, https:\/\/www.garajduro.org\/wp-content\/uploads\/2025\/12\/les-vieilles-charrues-150x150.jpg 150w\" sizes=\"auto, (max-width: 414px) 100vw, 414px\" \/><\/figure>\n\n\n\n<figure class=\"wp-block-image size-full is-resized is-style-rounded wp-duotone-duotone-1 is-style-rounded--16\" id=\"wp-block-themeisle-blocks-image-9b229963\"><img loading=\"lazy\" decoding=\"async\" width=\"476\" height=\"476\" src=\"http:\/\/www.garajduro.org\/wp-content\/uploads\/2025\/12\/dastum.png\" alt=\"\" class=\"wp-image-1595\" style=\"object-fit:contain;width:200px;height:200px\" srcset=\"https:\/\/www.garajduro.org\/wp-content\/uploads\/2025\/12\/dastum.png 476w, https:\/\/www.garajduro.org\/wp-content\/uploads\/2025\/12\/dastum-300x300.png 300w, https:\/\/www.garajduro.org\/wp-content\/uploads\/2025\/12\/dastum-150x150.png 150w\" sizes=\"auto, (max-width: 476px) 100vw, 476px\" \/><\/figure>\n\n\n\n<figure class=\"wp-block-image size-full is-resized is-style-rounded wp-duotone-duotone-1 is-style-rounded--17\" id=\"wp-block-themeisle-blocks-image-6971a3a3\"><img loading=\"lazy\" decoding=\"async\" width=\"225\" height=\"224\" src=\"http:\/\/www.garajduro.org\/wp-content\/uploads\/2025\/12\/muut-production.png\" alt=\"\" class=\"wp-image-1667\" style=\"object-fit:contain;width:200px;height:200px\" srcset=\"https:\/\/www.garajduro.org\/wp-content\/uploads\/2025\/12\/muut-production.png 225w, https:\/\/www.garajduro.org\/wp-content\/uploads\/2025\/12\/muut-production-150x150.png 150w\" sizes=\"auto, (max-width: 225px) 100vw, 225px\" \/><\/figure>\n\n\n\n<figure class=\"wp-block-image size-full is-resized is-style-rounded wp-duotone-duotone-1 is-style-rounded--18\" id=\"wp-block-themeisle-blocks-image-d7c31466\"><img loading=\"lazy\" decoding=\"async\" width=\"298\" height=\"298\" src=\"http:\/\/www.garajduro.org\/wp-content\/uploads\/2025\/12\/drom.png\" alt=\"\" class=\"wp-image-1661\" style=\"object-fit:contain;width:200px;height:200px\" srcset=\"https:\/\/www.garajduro.org\/wp-content\/uploads\/2025\/12\/drom.png 298w, https:\/\/www.garajduro.org\/wp-content\/uploads\/2025\/12\/drom-150x150.png 150w\" sizes=\"auto, (max-width: 298px) 100vw, 298px\" \/><\/figure>\n\n\n\n<figure class=\"wp-block-image size-full is-resized is-style-rounded wp-duotone-duotone-1 is-style-rounded--19\" id=\"wp-block-themeisle-blocks-image-e6278e08\"><img loading=\"lazy\" decoding=\"async\" width=\"450\" height=\"450\" src=\"http:\/\/www.garajduro.org\/wp-content\/uploads\/2025\/12\/office-du-tourisme-du-kreiz-breizh.jpg\" alt=\"\" class=\"wp-image-1668\" style=\"object-fit:contain;width:200px;height:200px\" srcset=\"https:\/\/www.garajduro.org\/wp-content\/uploads\/2025\/12\/office-du-tourisme-du-kreiz-breizh.jpg 450w, https:\/\/www.garajduro.org\/wp-content\/uploads\/2025\/12\/office-du-tourisme-du-kreiz-breizh-300x300.jpg 300w, https:\/\/www.garajduro.org\/wp-content\/uploads\/2025\/12\/office-du-tourisme-du-kreiz-breizh-150x150.jpg 150w\" sizes=\"auto, (max-width: 450px) 100vw, 450px\" \/><\/figure>\n\n\n\n<figure class=\"wp-block-image size-full is-resized is-style-rounded wp-duotone-duotone-1 is-style-rounded--20\" id=\"wp-block-themeisle-blocks-image-1f336900\"><img loading=\"lazy\" decoding=\"async\" width=\"225\" height=\"225\" src=\"http:\/\/www.garajduro.org\/wp-content\/uploads\/2025\/12\/la-brodeuse-de-nuit.png\" alt=\"\" class=\"wp-image-1663\" style=\"object-fit:contain;width:200px;height:200px\" srcset=\"https:\/\/www.garajduro.org\/wp-content\/uploads\/2025\/12\/la-brodeuse-de-nuit.png 225w, https:\/\/www.garajduro.org\/wp-content\/uploads\/2025\/12\/la-brodeuse-de-nuit-150x150.png 150w\" sizes=\"auto, (max-width: 225px) 100vw, 225px\" \/><\/figure>\n\n\n\n<figure class=\"wp-block-image size-full is-resized is-style-rounded wp-duotone-duotone-1 is-style-rounded--21\" id=\"wp-block-themeisle-blocks-image-695bd8e1\"><img loading=\"lazy\" decoding=\"async\" width=\"345\" height=\"345\" src=\"http:\/\/www.garajduro.org\/wp-content\/uploads\/2025\/12\/ecole-de-musique-danse-et-theatre-kreiz-breiz.png\" alt=\"\" class=\"wp-image-1662\" style=\"object-fit:contain;width:200px;height:200px\" srcset=\"https:\/\/www.garajduro.org\/wp-content\/uploads\/2025\/12\/ecole-de-musique-danse-et-theatre-kreiz-breiz.png 345w, https:\/\/www.garajduro.org\/wp-content\/uploads\/2025\/12\/ecole-de-musique-danse-et-theatre-kreiz-breiz-300x300.png 300w, https:\/\/www.garajduro.org\/wp-content\/uploads\/2025\/12\/ecole-de-musique-danse-et-theatre-kreiz-breiz-150x150.png 150w\" sizes=\"auto, (max-width: 345px) 100vw, 345px\" \/><\/figure>\n<\/div>\n<\/div>\n\n\n\n<div class=\"wp-block-group alignfull has-background has-global-padding is-layout-constrained wp-container-core-group-is-layout-6df17e5e wp-block-group-is-layout-constrained\" style=\"background:linear-gradient(135deg,rgba(165,218,130,0.84) 0%,rgba(200,214,191,0.5) 100%);margin-top:0;margin-bottom:-20px;padding-top:var(--wp--preset--spacing--50);padding-right:var(--wp--preset--spacing--50);padding-bottom:var(--wp--preset--spacing--50);padding-left:var(--wp--preset--spacing--50)\">\n<p class=\"has-text-align-center has-large-font-size\">PRIV\u00c9S<\/p>\n\n\n\n<div style=\"height:33px\" aria-hidden=\"true\" class=\"wp-block-spacer\"><\/div>\n\n\n\n<div class=\"wp-block-group is-content-justification-center is-layout-flex wp-container-core-group-is-layout-2e827744 wp-block-group-is-layout-flex\">\n<figure class=\"wp-block-image size-full is-resized is-style-rounded is-style-rounded--22\" id=\"wp-block-themeisle-blocks-image-152790cb\"><img loading=\"lazy\" decoding=\"async\" width=\"1600\" height=\"1600\" src=\"http:\/\/www.garajduro.org\/wp-content\/uploads\/2025\/12\/commercants.png\" alt=\"\" class=\"wp-image-1652\" style=\"object-fit:contain;width:200px;height:200px\" srcset=\"https:\/\/www.garajduro.org\/wp-content\/uploads\/2025\/12\/commercants.png 1600w, https:\/\/www.garajduro.org\/wp-content\/uploads\/2025\/12\/commercants-300x300.png 300w, https:\/\/www.garajduro.org\/wp-content\/uploads\/2025\/12\/commercants-1024x1024.png 1024w, https:\/\/www.garajduro.org\/wp-content\/uploads\/2025\/12\/commercants-150x150.png 150w, https:\/\/www.garajduro.org\/wp-content\/uploads\/2025\/12\/commercants-768x768.png 768w, https:\/\/www.garajduro.org\/wp-content\/uploads\/2025\/12\/commercants-1536x1536.png 1536w\" sizes=\"auto, (max-width: 1600px) 100vw, 1600px\" \/><\/figure>\n\n\n\n<figure class=\"wp-block-image size-full is-resized is-style-rounded wp-duotone-duotone-1 is-style-rounded--23\" id=\"wp-block-themeisle-blocks-image-918bd3e3\"><img loading=\"lazy\" decoding=\"async\" width=\"291\" height=\"291\" src=\"http:\/\/www.garajduro.org\/wp-content\/uploads\/2025\/12\/credit-agricole.png\" alt=\"\" class=\"wp-image-1654\" style=\"object-fit:contain;width:200px;height:200px\" srcset=\"https:\/\/www.garajduro.org\/wp-content\/uploads\/2025\/12\/credit-agricole.png 291w, https:\/\/www.garajduro.org\/wp-content\/uploads\/2025\/12\/credit-agricole-150x150.png 150w\" sizes=\"auto, (max-width: 291px) 100vw, 291px\" \/><\/figure>\n\n\n\n<figure class=\"wp-block-image size-full is-resized is-style-rounded wp-duotone-duotone-1 is-style-rounded--24\" id=\"wp-block-themeisle-blocks-image-f53e49db\"><img loading=\"lazy\" decoding=\"async\" width=\"682\" height=\"682\" src=\"http:\/\/www.garajduro.org\/wp-content\/uploads\/2025\/12\/canal-carhaix.jpg\" alt=\"\" class=\"wp-image-1651\" style=\"object-fit:contain;width:200px;height:200px\" srcset=\"https:\/\/www.garajduro.org\/wp-content\/uploads\/2025\/12\/canal-carhaix.jpg 682w, https:\/\/www.garajduro.org\/wp-content\/uploads\/2025\/12\/canal-carhaix-300x300.jpg 300w, https:\/\/www.garajduro.org\/wp-content\/uploads\/2025\/12\/canal-carhaix-150x150.jpg 150w\" sizes=\"auto, (max-width: 682px) 100vw, 682px\" \/><\/figure>\n\n\n\n<figure class=\"wp-block-image size-full is-resized is-style-rounded wp-duotone-duotone-1 is-style-rounded--25\" id=\"wp-block-themeisle-blocks-image-875aaf64\"><img loading=\"lazy\" decoding=\"async\" width=\"595\" height=\"595\" src=\"http:\/\/www.garajduro.org\/wp-content\/uploads\/2025\/12\/Coreff.png\" alt=\"\" class=\"wp-image-1653\" style=\"object-fit:contain;width:200px;height:200px\" srcset=\"https:\/\/www.garajduro.org\/wp-content\/uploads\/2025\/12\/Coreff.png 595w, https:\/\/www.garajduro.org\/wp-content\/uploads\/2025\/12\/Coreff-300x300.png 300w, https:\/\/www.garajduro.org\/wp-content\/uploads\/2025\/12\/Coreff-150x150.png 150w\" sizes=\"auto, (max-width: 595px) 100vw, 595px\" \/><\/figure>\n\n\n\n<figure class=\"wp-block-image size-full is-resized is-style-rounded wp-duotone-duotone-1 is-style-rounded--26\" id=\"wp-block-themeisle-blocks-image-c67b219a\"><img loading=\"lazy\" decoding=\"async\" width=\"203\" height=\"203\" src=\"http:\/\/www.garajduro.org\/wp-content\/uploads\/2025\/12\/excel-audio.png\" alt=\"\" class=\"wp-image-1655\" style=\"object-fit:contain;width:200px;height:200px\" srcset=\"https:\/\/www.garajduro.org\/wp-content\/uploads\/2025\/12\/excel-audio.png 203w, https:\/\/www.garajduro.org\/wp-content\/uploads\/2025\/12\/excel-audio-150x150.png 150w\" sizes=\"auto, (max-width: 203px) 100vw, 203px\" \/><\/figure>\n<\/div>\n<\/div>\n","protected":false},"excerpt":{"rendered":"<p>Un grand merci \u00e0 tous nos partenaires COLLECTIVIT\u00c9S PUBLIQUES F\u00c9D\u00c9RATIONS ASSOCIATIFS PRIV\u00c9S<\/p>\n","protected":false},"author":2,"featured_media":0,"parent":0,"menu_order":12,"comment_status":"closed","ping_status":"closed","template":"page-no-title","meta":{"_acf_changed":false,"_uag_custom_page_level_css":"","_EventAllDay":false,"_EventTimezone":"","_EventStartDate":"","_EventEndDate":"","_EventStartDateUTC":"","_EventEndDateUTC":"","_EventShowMap":false,"_EventShowMapLink":false,"_EventURL":"","_EventCost":"","_EventCostDescription":"","_EventCurrencySymbol":"","_EventCurrencyCode":"","_EventCurrencyPosition":"","_EventDateTimeSeparator":"","_EventTimeRangeSeparator":"","_EventOrganizerID":[],"_EventVenueID":[],"_OrganizerEmail":"","_OrganizerPhone":"","_OrganizerWebsite":"","_VenueAddress":"","_VenueCity":"","_VenueCountry":"","_VenueProvince":"","_VenueState":"","_VenueZip":"","_VenuePhone":"","_VenueURL":"","_VenueStateProvince":"","_VenueLat":"","_VenueLng":"","_VenueShowMap":false,"_VenueShowMapLink":false,"_themeisle_gutenberg_block_has_review":false,"footnotes":""},"class_list":["post-233","page","type-page","status-publish","hentry"],"acf":[],"uagb_featured_image_src":{"full":false,"thumbnail":false,"medium":false,"medium_large":false,"large":false,"1536x1536":false,"2048x2048":false},"uagb_author_info":{"display_name":"Arnaud Bourdonnay","author_link":"https:\/\/www.garajduro.org\/index.php\/author\/arnaud\/"},"uagb_comment_info":0,"uagb_excerpt":"Un grand merci \u00e0 tous nos partenaires COLLECTIVIT\u00c9S PUBLIQUES F\u00c9D\u00c9RATIONS ASSOCIATIFS PRIV\u00c9S","_links":{"self":[{"href":"https:\/\/www.garajduro.org\/index.php\/wp-json\/wp\/v2\/pages\/233","targetHints":{"allow":["GET"]}}],"collection":[{"href":"https:\/\/www.garajduro.org\/index.php\/wp-json\/wp\/v2\/pages"}],"about":[{"href":"https:\/\/www.garajduro.org\/index.php\/wp-json\/wp\/v2\/types\/page"}],"author":[{"embeddable":true,"href":"https:\/\/www.garajduro.org\/index.php\/wp-json\/wp\/v2\/users\/2"}],"replies":[{"embeddable":true,"href":"https:\/\/www.garajduro.org\/index.php\/wp-json\/wp\/v2\/comments?post=233"}],"version-history":[{"count":118,"href":"https:\/\/www.garajduro.org\/index.php\/wp-json\/wp\/v2\/pages\/233\/revisions"}],"predecessor-version":[{"id":2785,"href":"https:\/\/www.garajduro.org\/index.php\/wp-json\/wp\/v2\/pages\/233\/revisions\/2785"}],"wp:attachment":[{"href":"https:\/\/www.garajduro.org\/index.php\/wp-json\/wp\/v2\/media?parent=233"}],"curies":[{"name":"wp","href":"https:\/\/api.w.org\/{rel}","templated":true}]}}