{"id":58,"date":"2025-04-17T01:43:10","date_gmt":"2025-04-16T23:43:10","guid":{"rendered":"https:\/\/www.garajduro.org\/?page_id=58"},"modified":"2026-02-04T16:10:25","modified_gmt":"2026-02-04T15:10:25","slug":"infospratiques","status":"publish","type":"page","link":"https:\/\/www.garajduro.org\/index.php\/infospratiques\/","title":{"rendered":"Infos pratiques"},"content":{"rendered":"\n<div class=\"wp-block-group alignfull ticss-d260ce7f has-background has-global-padding is-layout-constrained wp-container-core-group-is-layout-c682a87b wp-block-group-is-layout-constrained\" style=\"background:linear-gradient(135deg,rgba(240,145,96,0.86) 0%,rgba(155,81,224,0.61) 100%);margin-top:-60px;margin-bottom:-20px;padding-top:var(--wp--preset--spacing--50);padding-right:var(--wp--preset--spacing--50);padding-bottom:var(--wp--preset--spacing--50);padding-left:var(--wp--preset--spacing--50); --tzm-responsive--padding-top--phone: 100px\">\n<div class=\"wp-block-group alignwide has-global-padding is-layout-constrained wp-container-core-group-is-layout-19e250f3 wp-block-group-is-layout-constrained\">\n<h2 class=\"wp-block-heading has-limelight-font-family has-xx-large-font-size\">COMMENT S&rsquo;Y RENDRE<\/h2>\n\n\n\n<div style=\"height:100px\" aria-hidden=\"true\" class=\"wp-block-spacer\"><\/div>\n\n\n\n<div style=\"height:var(--wp--preset--spacing--40)\" aria-hidden=\"true\" class=\"wp-block-spacer\"><\/div>\n\n\n\n<div class=\"wp-block-columns alignwide is-layout-flex wp-container-core-columns-is-layout-d1c656ed wp-block-columns-is-layout-flex\">\n<div class=\"wp-block-column is-vertically-aligned-center is-layout-flow wp-block-column-is-layout-flow\" style=\"flex-basis:40%\">\n<p class=\"has-text-align-left\" style=\"font-size:clamp(0.875rem, 0.875rem + ((1vw - 0.2rem) * 0.542), 1.2rem);\">Le Garaj Duro se situe \u00e0 Rostrenen en Kreiz Breizh.<br><br><strong>Restauration sur site<\/strong><br>O\u2019BREIZIL, restauration rapide, cr\u00eapes et alimentation br\u00e9silienne sur place et \u00e0 emporter<\/p>\n<\/div>\n\n\n\n<div class=\"wp-block-column is-layout-flow wp-block-column-is-layout-flow\" style=\"flex-basis:50%\"><\/div>\n<\/div>\n\n\n\n<div style=\"height:var(--wp--preset--spacing--40)\" aria-hidden=\"true\" class=\"wp-block-spacer\"><\/div>\n\n\n\n<div class=\"wp-block-columns alignwide is-layout-flex wp-container-core-columns-is-layout-d1c656ed wp-block-columns-is-layout-flex\">\n<div class=\"wp-block-column is-vertically-aligned-center is-layout-flow wp-block-column-is-layout-flow\" style=\"flex-basis:40%\">\n<p style=\"font-size:clamp(0.875rem, 0.875rem + ((1vw - 0.2rem) * 0.542), 1.2rem);\"><strong>Adresse<\/strong><br>39 rue olivier Perrin<br>22110 Rostrenen<\/p>\n\n\n\t\t\t<div \n\t\t\tclass=\"wp-block-uagb-google-map uagb-google-map__wrap uagb-block-7712dbed     \"\n\t\t\tstyle=\"\" >\n\t\t\t\t<embed\n\t\t\t\t\tclass=\"uagb-google-map__iframe\"\n\t\t\t\t\ttitle=\"Carte Google pour \"\n\t\t\t\t\tsrc=\"https:\/\/maps.google.com\/maps?q=Garaj%20Duro%20Rostrenen&#038;z=12&#038;hl=fr&#038;t=m&#038;output=embed&#038;iwloc=near\"\n\t\t\t\t\twidth=\"640\"\n\t\t\t\t\theight=\"300\"\n\t\t\t\t\tloading=\"lazy\"\n\t\t\t\t><\/embed>\n\t\t\t<\/div>\n\t\t\t<\/div>\n\n\n\n<div class=\"wp-block-column is-layout-flow wp-block-column-is-layout-flow\" style=\"flex-basis:50%\">\n<figure class=\"wp-block-image size-large is-style-rounded is-style-rounded--1\"><img loading=\"lazy\" decoding=\"async\" width=\"1024\" height=\"682\" src=\"http:\/\/www.garajduro.org\/wp-content\/uploads\/2025\/07\/5695471-1024x682.jpg\" alt=\"\" class=\"wp-image-310\" srcset=\"https:\/\/www.garajduro.org\/wp-content\/uploads\/2025\/07\/5695471-1024x682.jpg 1024w, https:\/\/www.garajduro.org\/wp-content\/uploads\/2025\/07\/5695471-300x200.jpg 300w, https:\/\/www.garajduro.org\/wp-content\/uploads\/2025\/07\/5695471-768x512.jpg 768w, https:\/\/www.garajduro.org\/wp-content\/uploads\/2025\/07\/5695471.jpg 1304w\" sizes=\"auto, (max-width: 1024px) 100vw, 1024px\" \/><\/figure>\n<\/div>\n<\/div>\n\n\n\n<div style=\"height:var(--wp--preset--spacing--40)\" aria-hidden=\"true\" class=\"wp-block-spacer\"><\/div>\n<\/div>\n<\/div>\n","protected":false},"excerpt":{"rendered":"<p>COMMENT S&rsquo;Y RENDRE Le Garaj Duro se situe \u00e0 Rostrenen en Kreiz Breizh. Restauration sur siteO\u2019BREIZIL, restauration rapide, cr\u00eapes et alimentation br\u00e9silienne sur place et \u00e0 emporter Adresse39 rue olivier [&hellip;]<\/p>\n","protected":false},"author":2,"featured_media":0,"parent":0,"menu_order":16,"comment_status":"closed","ping_status":"closed","template":"page-no-title","meta":{"_acf_changed":false,"_uag_custom_page_level_css":"","_EventAllDay":false,"_EventTimezone":"","_EventStartDate":"","_EventEndDate":"","_EventStartDateUTC":"","_EventEndDateUTC":"","_EventShowMap":false,"_EventShowMapLink":false,"_EventURL":"","_EventCost":"","_EventCostDescription":"","_EventCurrencySymbol":"","_EventCurrencyCode":"","_EventCurrencyPosition":"","_EventDateTimeSeparator":"","_EventTimeRangeSeparator":"","_EventOrganizerID":[],"_EventVenueID":[],"_OrganizerEmail":"","_OrganizerPhone":"","_OrganizerWebsite":"","_VenueAddress":"","_VenueCity":"","_VenueCountry":"","_VenueProvince":"","_VenueState":"","_VenueZip":"","_VenuePhone":"","_VenueURL":"","_VenueStateProvince":"","_VenueLat":"","_VenueLng":"","_VenueShowMap":false,"_VenueShowMapLink":false,"_themeisle_gutenberg_block_has_review":false,"footnotes":""},"class_list":["post-58","page","type-page","status-publish","hentry"],"acf":[],"uagb_featured_image_src":{"full":false,"thumbnail":false,"medium":false,"medium_large":false,"large":false,"1536x1536":false,"2048x2048":false},"uagb_author_info":{"display_name":"Arnaud Bourdonnay","author_link":"https:\/\/www.garajduro.org\/index.php\/author\/arnaud\/"},"uagb_comment_info":0,"uagb_excerpt":"COMMENT S&rsquo;Y RENDRE Le Garaj Duro se situe \u00e0 Rostrenen en Kreiz Breizh. Restauration sur siteO\u2019BREIZIL, restauration rapide, cr\u00eapes et alimentation br\u00e9silienne sur place et \u00e0 emporter Adresse39 rue olivier [&hellip;]","_links":{"self":[{"href":"https:\/\/www.garajduro.org\/index.php\/wp-json\/wp\/v2\/pages\/58","targetHints":{"allow":["GET"]}}],"collection":[{"href":"https:\/\/www.garajduro.org\/index.php\/wp-json\/wp\/v2\/pages"}],"about":[{"href":"https:\/\/www.garajduro.org\/index.php\/wp-json\/wp\/v2\/types\/page"}],"author":[{"embeddable":true,"href":"https:\/\/www.garajduro.org\/index.php\/wp-json\/wp\/v2\/users\/2"}],"replies":[{"embeddable":true,"href":"https:\/\/www.garajduro.org\/index.php\/wp-json\/wp\/v2\/comments?post=58"}],"version-history":[{"count":49,"href":"https:\/\/www.garajduro.org\/index.php\/wp-json\/wp\/v2\/pages\/58\/revisions"}],"predecessor-version":[{"id":2831,"href":"https:\/\/www.garajduro.org\/index.php\/wp-json\/wp\/v2\/pages\/58\/revisions\/2831"}],"wp:attachment":[{"href":"https:\/\/www.garajduro.org\/index.php\/wp-json\/wp\/v2\/media?parent=58"}],"curies":[{"name":"wp","href":"https:\/\/api.w.org\/{rel}","templated":true}]}}